{"id":11,"date":"2026-03-25T13:59:45","date_gmt":"2026-03-25T13:59:45","guid":{"rendered":"https:\/\/thecandyshopp.rkinformatika.online\/?page_id=11"},"modified":"2026-03-26T11:27:09","modified_gmt":"2026-03-26T11:27:09","slug":"inicio","status":"publish","type":"page","link":"https:\/\/thecandyshopp.com\/eu\/","title":{"rendered":"Hasiera"},"content":{"rendered":"<div data-elementor-type=\"wp-page\" data-elementor-id=\"11\" class=\"elementor elementor-11\" data-elementor-post-type=\"page\">\n\t\t\t\t<div class=\"elementor-element elementor-element-6c2840e e-flex e-con-boxed e-con e-parent\" data-id=\"6c2840e\" data-element_type=\"container\" data-e-type=\"container\" data-settings=\"{&quot;background_background&quot;:&quot;classic&quot;}\">\n\t\t\t\t\t<div class=\"e-con-inner\">\n\t\t\t\t<div class=\"elementor-element elementor-element-d9c0e96 elementor-invisible elementor-widget elementor-widget-heading\" data-id=\"d9c0e96\" data-element_type=\"widget\" data-e-type=\"widget\" data-settings=\"{&quot;_animation&quot;:&quot;fadeInDown&quot;}\" data-widget_type=\"heading.default\">\n\t\t\t\t\t<h2 class=\"elementor-heading-title elementor-size-default\">The Candy Shop<\/h2>\t\t\t\t<\/div>\n\t\t\t\t<div class=\"elementor-element elementor-element-b990afa elementor-widget elementor-widget-text-editor\" data-id=\"b990afa\" data-element_type=\"widget\" data-e-type=\"widget\" data-widget_type=\"text-editor.default\">\n\t\t\t\t\t\t\t\t\t<p>Zure gominola, zizka-mizka eta kromo txokoa Santutxun<\/p>\t\t\t\t\t\t\t\t<\/div>\n\t\t\t\t<div class=\"elementor-element elementor-element-c6cc9c5 elementor-widget elementor-widget-button\" data-id=\"c6cc9c5\" data-element_type=\"widget\" data-e-type=\"widget\" data-widget_type=\"button.default\">\n\t\t\t\t\t\t\t\t\t\t<a class=\"elementor-button elementor-button-link elementor-size-sm\" href=\"\/eu\/servicios\/\">\n\t\t\t\t\t\t<span class=\"elementor-button-content-wrapper\">\n\t\t\t\t\t\t\t\t\t<span class=\"elementor-button-text\">Zerbitzuak<\/span>\n\t\t\t\t\t<\/span>\n\t\t\t\t\t<\/a>\n\t\t\t\t\t\t\t\t<\/div>\n\t\t\t\t\t<\/div>\n\t\t\t\t<\/div>\n\t\t<div class=\"elementor-element elementor-element-ec7d6e8 e-flex e-con-boxed e-con e-parent\" data-id=\"ec7d6e8\" data-element_type=\"container\" data-e-type=\"container\">\n\t\t\t\t\t<div class=\"e-con-inner\">\n\t\t<div class=\"elementor-element elementor-element-21e8c17 e-con-full e-flex e-con e-child\" data-id=\"21e8c17\" data-element_type=\"container\" data-e-type=\"container\">\n\t\t\t\t<div class=\"elementor-element elementor-element-d5e46d3 elementor-widget elementor-widget-heading\" data-id=\"d5e46d3\" data-element_type=\"widget\" data-e-type=\"widget\" data-widget_type=\"heading.default\">\n\t\t\t\t\t<h2 class=\"elementor-heading-title elementor-size-default\">Nor Garen eta Zer Egiten Dugun<\/h2>\t\t\t\t<\/div>\n\t\t\t\t<div class=\"elementor-element elementor-element-d89ad33 elementor-widget elementor-widget-text-editor\" data-id=\"d89ad33\" data-element_type=\"widget\" data-e-type=\"widget\" data-widget_type=\"text-editor.default\">\n\t\t\t\t\t\t\t\t\t<p>Santutxuko bihotzean gozokiak maite dituztenentzat paradisu txiki bat dago. Gure denda guztiei gominolak, zizka-mizkak, opariak eta kromoak erabiliz irribarre eginarazteko asmoz sortu zen, nostalgia piztu eta eguna alaitzeko. Flasko eta apalategi bakoitzak haurtzaroko istorioak eta lagunen eta familiaren artean partekatutako uneak kontatzen ditu.<\/p>\t\t\t\t\t\t\t\t<\/div>\n\t\t\t\t<\/div>\n\t\t<div class=\"elementor-element elementor-element-837754f e-con-full e-flex e-con e-child\" data-id=\"837754f\" data-element_type=\"container\" data-e-type=\"container\">\n\t\t\t\t<div class=\"elementor-element elementor-element-d1cfb7a elementor-widget elementor-widget-image\" data-id=\"d1cfb7a\" data-element_type=\"widget\" data-e-type=\"widget\" data-widget_type=\"image.default\">\n\t\t\t\t\t\t\t\t\t\t\t\t\t\t\t<img fetchpriority=\"high\" decoding=\"async\" width=\"800\" height=\"532\" src=\"https:\/\/thecandyshopp.com\/wp-content\/uploads\/2026\/03\/Captura-desde-2026-03-26-11-22-56.png\" class=\"attachment-large size-large wp-image-301\" alt=\"\" srcset=\"https:\/\/thecandyshopp.com\/wp-content\/uploads\/2026\/03\/Captura-desde-2026-03-26-11-22-56.png 824w, https:\/\/thecandyshopp.com\/wp-content\/uploads\/2026\/03\/Captura-desde-2026-03-26-11-22-56-300x200.png 300w, https:\/\/thecandyshopp.com\/wp-content\/uploads\/2026\/03\/Captura-desde-2026-03-26-11-22-56-768x511.png 768w, https:\/\/thecandyshopp.com\/wp-content\/uploads\/2026\/03\/Captura-desde-2026-03-26-11-22-56-18x12.png 18w\" sizes=\"(max-width: 800px) 100vw, 800px\" \/>\t\t\t\t\t\t\t\t\t\t\t\t\t\t\t<\/div>\n\t\t\t\t<\/div>\n\t\t<div class=\"elementor-element elementor-element-644be61 e-con-full e-flex e-con e-child\" data-id=\"644be61\" data-element_type=\"container\" data-e-type=\"container\">\n\t\t\t\t<div class=\"elementor-element elementor-element-881c220 elementor-widget elementor-widget-image\" data-id=\"881c220\" data-element_type=\"widget\" data-e-type=\"widget\" data-widget_type=\"image.default\">\n\t\t\t\t\t\t\t\t\t\t\t\t\t\t\t<img decoding=\"async\" width=\"372\" height=\"221\" src=\"https:\/\/thecandyshopp.com\/wp-content\/uploads\/2026\/03\/Captura-desde-2026-03-26-11-24-43-e1774520730727.png\" class=\"attachment-large size-large wp-image-303\" alt=\"\" srcset=\"https:\/\/thecandyshopp.com\/wp-content\/uploads\/2026\/03\/Captura-desde-2026-03-26-11-24-43-e1774520730727.png 372w, https:\/\/thecandyshopp.com\/wp-content\/uploads\/2026\/03\/Captura-desde-2026-03-26-11-24-43-e1774520730727-300x178.png 300w, https:\/\/thecandyshopp.com\/wp-content\/uploads\/2026\/03\/Captura-desde-2026-03-26-11-24-43-e1774520730727-18x12.png 18w\" sizes=\"(max-width: 372px) 100vw, 372px\" \/>\t\t\t\t\t\t\t\t\t\t\t\t\t\t\t<\/div>\n\t\t\t\t<\/div>\n\t\t<div class=\"elementor-element elementor-element-d7e54a9 e-con-full e-flex e-con e-child\" data-id=\"d7e54a9\" data-element_type=\"container\" data-e-type=\"container\">\n\t\t\t\t<div class=\"elementor-element elementor-element-dd52fd0 elementor-widget elementor-widget-text-editor\" data-id=\"dd52fd0\" data-element_type=\"widget\" data-e-type=\"widget\" data-widget_type=\"text-editor.default\">\n\t\t\t\t\t\t\t\t\t<p>Maite dugu ikustea nola handiak eta txikiak jakin-minez hurbiltzen diren, koloreak, zaporeak eta testurak esploratuz. Hemen gozokiak saltzeaz gain, oroitzapenak ere sortzen ditugu, gozo bat ez baita zapore bat bakarrik: oroimenean gordetzen den une zoriontsu bat da.<\/p>\t\t\t\t\t\t\t\t<\/div>\n\t\t\t\t<\/div>\n\t\t\t\t\t<\/div>\n\t\t\t\t<\/div>\n\t\t<div class=\"elementor-element elementor-element-508e804 e-flex e-con-boxed e-con e-parent\" data-id=\"508e804\" data-element_type=\"container\" data-e-type=\"container\" data-settings=\"{&quot;background_background&quot;:&quot;classic&quot;}\">\n\t\t\t\t\t<div class=\"e-con-inner\">\n\t\t<div class=\"elementor-element elementor-element-2fd5b53 e-con-full e-flex e-con e-child\" data-id=\"2fd5b53\" data-element_type=\"container\" data-e-type=\"container\">\n\t\t\t\t<div class=\"elementor-element elementor-element-cf6c54d elementor-widget elementor-widget-heading\" data-id=\"cf6c54d\" data-element_type=\"widget\" data-e-type=\"widget\" data-widget_type=\"heading.default\">\n\t\t\t\t\t<h2 class=\"elementor-heading-title elementor-size-default\">Ezagutu eskaintzen ahal dizugun guztia eta bete zure eguna sorpresa gozoz<\/h2>\t\t\t\t<\/div>\n\t\t\t\t<div class=\"elementor-element elementor-element-76a6334 elementor-widget elementor-widget-button\" data-id=\"76a6334\" data-element_type=\"widget\" data-e-type=\"widget\" data-widget_type=\"button.default\">\n\t\t\t\t\t\t\t\t\t\t<a class=\"elementor-button elementor-button-link elementor-size-sm\" href=\"\/eu\/servicios\/\">\n\t\t\t\t\t\t<span class=\"elementor-button-content-wrapper\">\n\t\t\t\t\t\t\t\t\t<span class=\"elementor-button-text\">Zerbitzuak<\/span>\n\t\t\t\t\t<\/span>\n\t\t\t\t\t<\/a>\n\t\t\t\t\t\t\t\t<\/div>\n\t\t\t\t<\/div>\n\t\t\t\t\t<\/div>\n\t\t\t\t<\/div>\n\t\t\t\t<\/div>","protected":false},"excerpt":{"rendered":"<p>The Candy Shop Tu rinc\u00f3n de gominolas, snacks y cromos en Santutxu Servicios Qui\u00e9nes Somos y Qu\u00e9 Hacemos En el coraz\u00f3n de Santutxu se encuentra un peque\u00f1o para\u00edso para los amantes de los dulces. Nuestra tienda naci\u00f3 con la idea de hacer sonre\u00edr a todos con gominolas, snacks, regalices y cromos que despiertan la nostalgia [&hellip;]<\/p>\n","protected":false},"author":1,"featured_media":0,"parent":0,"menu_order":0,"comment_status":"closed","ping_status":"closed","template":"elementor_canvas","meta":{"footnotes":""},"class_list":["post-11","page","type-page","status-publish","hentry"],"yoast_head":"<!-- This site is optimized with the Yoast SEO plugin v27.4 - https:\/\/yoast.com\/product\/yoast-seo-wordpress\/ -->\n<title>Inicio - The Candy Shop<\/title>\n<meta name=\"robots\" content=\"index, follow, max-snippet:-1, max-image-preview:large, max-video-preview:-1\" \/>\n<link rel=\"canonical\" href=\"https:\/\/thecandyshopp.com\/eu\/\" \/>\n<meta property=\"og:locale\" content=\"en_US\" \/>\n<meta property=\"og:type\" content=\"article\" \/>\n<meta property=\"og:title\" content=\"Inicio - The Candy Shop\" \/>\n<meta property=\"og:description\" content=\"The Candy Shop Tu rinc\u00f3n de gominolas, snacks y cromos en Santutxu Servicios Qui\u00e9nes Somos y Qu\u00e9 Hacemos En el coraz\u00f3n de Santutxu se encuentra un peque\u00f1o para\u00edso para los amantes de los dulces. Nuestra tienda naci\u00f3 con la idea de hacer sonre\u00edr a todos con gominolas, snacks, regalices y cromos que despiertan la nostalgia [&hellip;]\" \/>\n<meta property=\"og:url\" content=\"https:\/\/thecandyshopp.com\/eu\/\" \/>\n<meta property=\"og:site_name\" content=\"The Candy Shop\" \/>\n<meta property=\"article:modified_time\" content=\"2026-03-26T11:27:09+00:00\" \/>\n<meta property=\"og:image\" content=\"https:\/\/thecandyshopp.com\/wp-content\/uploads\/2026\/03\/Captura-desde-2026-03-26-11-22-56.png\" \/>\n<meta name=\"twitter:card\" content=\"summary_large_image\" \/>\n<meta name=\"twitter:label1\" content=\"Est. reading time\" \/>\n\t<meta name=\"twitter:data1\" content=\"1 minutua\" \/>\n<script type=\"application\/ld+json\" class=\"yoast-schema-graph\">{\"@context\":\"https:\\\/\\\/schema.org\",\"@graph\":[{\"@type\":\"WebPage\",\"@id\":\"https:\\\/\\\/thecandyshopp.com\\\/\",\"url\":\"https:\\\/\\\/thecandyshopp.com\\\/\",\"name\":\"Inicio - The Candy Shop\",\"isPartOf\":{\"@id\":\"https:\\\/\\\/thecandyshopp.com\\\/#website\"},\"primaryImageOfPage\":{\"@id\":\"https:\\\/\\\/thecandyshopp.com\\\/#primaryimage\"},\"image\":{\"@id\":\"https:\\\/\\\/thecandyshopp.com\\\/#primaryimage\"},\"thumbnailUrl\":\"https:\\\/\\\/thecandyshopp.com\\\/wp-content\\\/uploads\\\/2026\\\/03\\\/Captura-desde-2026-03-26-11-22-56.png\",\"datePublished\":\"2026-03-25T13:59:45+00:00\",\"dateModified\":\"2026-03-26T11:27:09+00:00\",\"breadcrumb\":{\"@id\":\"https:\\\/\\\/thecandyshopp.com\\\/#breadcrumb\"},\"inLanguage\":\"eu\",\"potentialAction\":[{\"@type\":\"ReadAction\",\"target\":[\"https:\\\/\\\/thecandyshopp.com\\\/\"]}]},{\"@type\":\"ImageObject\",\"inLanguage\":\"eu\",\"@id\":\"https:\\\/\\\/thecandyshopp.com\\\/#primaryimage\",\"url\":\"https:\\\/\\\/thecandyshopp.com\\\/wp-content\\\/uploads\\\/2026\\\/03\\\/Captura-desde-2026-03-26-11-22-56.png\",\"contentUrl\":\"https:\\\/\\\/thecandyshopp.com\\\/wp-content\\\/uploads\\\/2026\\\/03\\\/Captura-desde-2026-03-26-11-22-56.png\"},{\"@type\":\"BreadcrumbList\",\"@id\":\"https:\\\/\\\/thecandyshopp.com\\\/#breadcrumb\",\"itemListElement\":[{\"@type\":\"ListItem\",\"position\":1,\"name\":\"Portada\",\"item\":\"https:\\\/\\\/thecandyshopp.com\\\/\"},{\"@type\":\"ListItem\",\"position\":2,\"name\":\"Inicio\"}]},{\"@type\":\"WebSite\",\"@id\":\"https:\\\/\\\/thecandyshopp.com\\\/#website\",\"url\":\"https:\\\/\\\/thecandyshopp.com\\\/\",\"name\":\"The Candy Shop\",\"description\":\"\",\"publisher\":{\"@id\":\"https:\\\/\\\/thecandyshopp.com\\\/#organization\"},\"potentialAction\":[{\"@type\":\"SearchAction\",\"target\":{\"@type\":\"EntryPoint\",\"urlTemplate\":\"https:\\\/\\\/thecandyshopp.com\\\/?s={search_term_string}\"},\"query-input\":{\"@type\":\"PropertyValueSpecification\",\"valueRequired\":true,\"valueName\":\"search_term_string\"}}],\"inLanguage\":\"eu\"},{\"@type\":\"Organization\",\"@id\":\"https:\\\/\\\/thecandyshopp.com\\\/#organization\",\"name\":\"The Candy Shop\",\"url\":\"https:\\\/\\\/thecandyshopp.com\\\/\",\"logo\":{\"@type\":\"ImageObject\",\"inLanguage\":\"eu\",\"@id\":\"https:\\\/\\\/thecandyshopp.com\\\/#\\\/schema\\\/logo\\\/image\\\/\",\"url\":\"https:\\\/\\\/thecandyshopp.com\\\/wp-content\\\/uploads\\\/2026\\\/03\\\/7d98effd-8a5d-437d-a5bc-e76aeaf64d69.png\",\"contentUrl\":\"https:\\\/\\\/thecandyshopp.com\\\/wp-content\\\/uploads\\\/2026\\\/03\\\/7d98effd-8a5d-437d-a5bc-e76aeaf64d69.png\",\"width\":537,\"height\":408,\"caption\":\"The Candy Shop\"},\"image\":{\"@id\":\"https:\\\/\\\/thecandyshopp.com\\\/#\\\/schema\\\/logo\\\/image\\\/\"}}]}<\/script>\n<!-- \/ Yoast SEO plugin. -->","yoast_head_json":{"title":"Inicio - The Candy Shop","robots":{"index":"index","follow":"follow","max-snippet":"max-snippet:-1","max-image-preview":"max-image-preview:large","max-video-preview":"max-video-preview:-1"},"canonical":"https:\/\/thecandyshopp.com\/eu\/","og_locale":"en_US","og_type":"article","og_title":"Inicio - The Candy Shop","og_description":"The Candy Shop Tu rinc\u00f3n de gominolas, snacks y cromos en Santutxu Servicios Qui\u00e9nes Somos y Qu\u00e9 Hacemos En el coraz\u00f3n de Santutxu se encuentra un peque\u00f1o para\u00edso para los amantes de los dulces. Nuestra tienda naci\u00f3 con la idea de hacer sonre\u00edr a todos con gominolas, snacks, regalices y cromos que despiertan la nostalgia [&hellip;]","og_url":"https:\/\/thecandyshopp.com\/eu\/","og_site_name":"The Candy Shop","article_modified_time":"2026-03-26T11:27:09+00:00","og_image":[{"url":"https:\/\/thecandyshopp.com\/wp-content\/uploads\/2026\/03\/Captura-desde-2026-03-26-11-22-56.png","type":"","width":"","height":""}],"twitter_card":"summary_large_image","twitter_misc":{"Est. reading time":"1 minutua"},"schema":{"@context":"https:\/\/schema.org","@graph":[{"@type":"WebPage","@id":"https:\/\/thecandyshopp.com\/","url":"https:\/\/thecandyshopp.com\/","name":"Inicio - The Candy Shop","isPartOf":{"@id":"https:\/\/thecandyshopp.com\/#website"},"primaryImageOfPage":{"@id":"https:\/\/thecandyshopp.com\/#primaryimage"},"image":{"@id":"https:\/\/thecandyshopp.com\/#primaryimage"},"thumbnailUrl":"https:\/\/thecandyshopp.com\/wp-content\/uploads\/2026\/03\/Captura-desde-2026-03-26-11-22-56.png","datePublished":"2026-03-25T13:59:45+00:00","dateModified":"2026-03-26T11:27:09+00:00","breadcrumb":{"@id":"https:\/\/thecandyshopp.com\/#breadcrumb"},"inLanguage":"eu","potentialAction":[{"@type":"ReadAction","target":["https:\/\/thecandyshopp.com\/"]}]},{"@type":"ImageObject","inLanguage":"eu","@id":"https:\/\/thecandyshopp.com\/#primaryimage","url":"https:\/\/thecandyshopp.com\/wp-content\/uploads\/2026\/03\/Captura-desde-2026-03-26-11-22-56.png","contentUrl":"https:\/\/thecandyshopp.com\/wp-content\/uploads\/2026\/03\/Captura-desde-2026-03-26-11-22-56.png"},{"@type":"BreadcrumbList","@id":"https:\/\/thecandyshopp.com\/#breadcrumb","itemListElement":[{"@type":"ListItem","position":1,"name":"Portada","item":"https:\/\/thecandyshopp.com\/"},{"@type":"ListItem","position":2,"name":"Inicio"}]},{"@type":"WebSite","@id":"https:\/\/thecandyshopp.com\/#website","url":"https:\/\/thecandyshopp.com\/","name":"The Candy Shop","description":"","publisher":{"@id":"https:\/\/thecandyshopp.com\/#organization"},"potentialAction":[{"@type":"SearchAction","target":{"@type":"EntryPoint","urlTemplate":"https:\/\/thecandyshopp.com\/?s={search_term_string}"},"query-input":{"@type":"PropertyValueSpecification","valueRequired":true,"valueName":"search_term_string"}}],"inLanguage":"eu"},{"@type":"Organization","@id":"https:\/\/thecandyshopp.com\/#organization","name":"The Candy Shop","url":"https:\/\/thecandyshopp.com\/","logo":{"@type":"ImageObject","inLanguage":"eu","@id":"https:\/\/thecandyshopp.com\/#\/schema\/logo\/image\/","url":"https:\/\/thecandyshopp.com\/wp-content\/uploads\/2026\/03\/7d98effd-8a5d-437d-a5bc-e76aeaf64d69.png","contentUrl":"https:\/\/thecandyshopp.com\/wp-content\/uploads\/2026\/03\/7d98effd-8a5d-437d-a5bc-e76aeaf64d69.png","width":537,"height":408,"caption":"The Candy Shop"},"image":{"@id":"https:\/\/thecandyshopp.com\/#\/schema\/logo\/image\/"}}]}},"_links":{"self":[{"href":"https:\/\/thecandyshopp.com\/eu\/wp-json\/wp\/v2\/pages\/11","targetHints":{"allow":["GET"]}}],"collection":[{"href":"https:\/\/thecandyshopp.com\/eu\/wp-json\/wp\/v2\/pages"}],"about":[{"href":"https:\/\/thecandyshopp.com\/eu\/wp-json\/wp\/v2\/types\/page"}],"author":[{"embeddable":true,"href":"https:\/\/thecandyshopp.com\/eu\/wp-json\/wp\/v2\/users\/1"}],"replies":[{"embeddable":true,"href":"https:\/\/thecandyshopp.com\/eu\/wp-json\/wp\/v2\/comments?post=11"}],"version-history":[{"count":61,"href":"https:\/\/thecandyshopp.com\/eu\/wp-json\/wp\/v2\/pages\/11\/revisions"}],"predecessor-version":[{"id":418,"href":"https:\/\/thecandyshopp.com\/eu\/wp-json\/wp\/v2\/pages\/11\/revisions\/418"}],"wp:attachment":[{"href":"https:\/\/thecandyshopp.com\/eu\/wp-json\/wp\/v2\/media?parent=11"}],"curies":[{"name":"wp","href":"https:\/\/api.w.org\/{rel}","templated":true}]}}