{"id":15,"date":"2026-03-25T14:00:49","date_gmt":"2026-03-25T14:00:49","guid":{"rendered":"https:\/\/thecandyshopp.rkinformatika.online\/?page_id=15"},"modified":"2026-03-26T13:26:07","modified_gmt":"2026-03-26T13:26:07","slug":"contacto","status":"publish","type":"page","link":"https:\/\/thecandyshopp.com\/eu\/contacto\/","title":{"rendered":"Kontaktua"},"content":{"rendered":"\t\t<div data-elementor-type=\"wp-page\" data-elementor-id=\"15\" class=\"elementor elementor-15\" data-elementor-post-type=\"page\">\n\t\t\t\t<div class=\"elementor-element elementor-element-50e3f3d e-flex e-con-boxed e-con e-parent\" data-id=\"50e3f3d\" data-element_type=\"container\" data-e-type=\"container\" data-settings=\"{&quot;background_background&quot;:&quot;classic&quot;}\">\n\t\t\t\t\t<div class=\"e-con-inner\">\n\t\t\t\t<div class=\"elementor-element elementor-element-2275b90 elementor-invisible elementor-widget elementor-widget-heading\" data-id=\"2275b90\" data-element_type=\"widget\" data-e-type=\"widget\" data-settings=\"{&quot;_animation&quot;:&quot;fadeInDown&quot;}\" data-widget_type=\"heading.default\">\n\t\t\t\t\t<h2 class=\"elementor-heading-title elementor-size-default\">Contacto<\/h2>\t\t\t\t<\/div>\n\t\t\t\t\t<\/div>\n\t\t\t\t<\/div>\n\t\t<div class=\"elementor-element elementor-element-6c53010 e-flex e-con-boxed e-con e-parent\" data-id=\"6c53010\" data-element_type=\"container\" data-e-type=\"container\">\n\t\t\t\t\t<div class=\"e-con-inner\">\n\t\t<div class=\"elementor-element elementor-element-87711d2 e-con-full e-flex elementor-invisible e-con e-child\" data-id=\"87711d2\" data-element_type=\"container\" data-e-type=\"container\" data-settings=\"{&quot;animation&quot;:&quot;fadeInRight&quot;,&quot;background_background&quot;:&quot;classic&quot;}\">\n\t\t\t\t<div class=\"elementor-element elementor-element-c85090e elementor-widget elementor-widget-text-editor\" data-id=\"c85090e\" data-element_type=\"widget\" data-e-type=\"widget\" data-widget_type=\"text-editor.default\">\n\t\t\t\t\t\t\t\t\t<p>Completa el formulario y te contactaremos muy pronto.<\/p>\t\t\t\t\t\t\t\t<\/div>\n\t\t\t\t<div class=\"elementor-element elementor-element-66cac7d elementor-button-align-start elementor-widget__width-initial elementor-widget elementor-widget-form\" data-id=\"66cac7d\" data-element_type=\"widget\" data-e-type=\"widget\" data-settings=\"{&quot;button_width&quot;:&quot;50&quot;,&quot;step_next_label&quot;:&quot;Next&quot;,&quot;step_previous_label&quot;:&quot;Previous&quot;,&quot;step_type&quot;:&quot;number_text&quot;,&quot;step_icon_shape&quot;:&quot;circle&quot;}\" data-widget_type=\"form.default\">\n\t\t\t\t\t\t\t<form class=\"elementor-form\" method=\"post\" name=\"Contacto ContactoPage\" aria-label=\"Contacto ContactoPage\">\n\t\t\t<input type=\"hidden\" name=\"post_id\" value=\"15\"\/>\n\t\t\t<input type=\"hidden\" name=\"form_id\" value=\"66cac7d\"\/>\n\t\t\t<input type=\"hidden\" name=\"referer_title\" value=\"Contacto - The Candy Shop\" \/>\n\n\t\t\t\t\t\t\t<input type=\"hidden\" name=\"queried_id\" value=\"15\"\/>\n\t\t\t\n\t\t\t<div class=\"elementor-form-fields-wrapper elementor-labels-\">\n\t\t\t\t\t\t\t\t<div class=\"elementor-field-type-text elementor-field-group elementor-column elementor-field-group-name elementor-col-100 elementor-field-required\">\n\t\t\t\t\t\t\t\t\t\t\t\t<label for=\"form-field-name\" class=\"elementor-field-label elementor-screen-only\">\n\t\t\t\t\t\t\t\tName\t\t\t\t\t\t\t<\/label>\n\t\t\t\t\t\t\t\t\t\t\t\t\t\t<input size=\"1\" type=\"text\" name=\"form_fields[name]\" id=\"form-field-name\" class=\"elementor-field elementor-size-sm  elementor-field-textual\" placeholder=\"Nombre\" required=\"required\">\n\t\t\t\t\t\t\t\t\t\t\t<\/div>\n\t\t\t\t\t\t\t\t<div class=\"elementor-field-type-email elementor-field-group elementor-column elementor-field-group-email elementor-col-100 elementor-field-required\">\n\t\t\t\t\t\t\t\t\t\t\t\t<label for=\"form-field-email\" class=\"elementor-field-label elementor-screen-only\">\n\t\t\t\t\t\t\t\tEmail\t\t\t\t\t\t\t<\/label>\n\t\t\t\t\t\t\t\t\t\t\t\t\t\t<input size=\"1\" type=\"email\" name=\"form_fields[email]\" id=\"form-field-email\" class=\"elementor-field elementor-size-sm  elementor-field-textual\" placeholder=\"Email\" required=\"required\">\n\t\t\t\t\t\t\t\t\t\t\t<\/div>\n\t\t\t\t\t\t\t\t<div class=\"elementor-field-type-tel elementor-field-group elementor-column elementor-field-group-movil elementor-col-100 elementor-field-required\">\n\t\t\t\t\t\t\t\t\t\t\t\t<label for=\"form-field-movil\" class=\"elementor-field-label elementor-screen-only\">\n\t\t\t\t\t\t\t\tM\u00f3vil\t\t\t\t\t\t\t<\/label>\n\t\t\t\t\t\t\t\t<input size=\"1\" type=\"tel\" name=\"form_fields[movil]\" id=\"form-field-movil\" class=\"elementor-field elementor-size-sm  elementor-field-textual\" placeholder=\"M\u00f3vil\" required=\"required\" pattern=\"[0-9()#&amp;+*-=.]+\" title=\"Solo se aceptan n\u00fameros y caracteres de tel\u00e9fono (#,-,*,etc).\">\n\n\t\t\t\t\t\t<\/div>\n\t\t\t\t\t\t\t\t<div class=\"elementor-field-type-textarea elementor-field-group elementor-column elementor-field-group-field_5d08d9b elementor-col-100 elementor-field-required\">\n\t\t\t\t\t\t\t\t\t\t\t\t<label for=\"form-field-field_5d08d9b\" class=\"elementor-field-label elementor-screen-only\">\n\t\t\t\t\t\t\t\tMensaje\t\t\t\t\t\t\t<\/label>\n\t\t\t\t\t\t<textarea class=\"elementor-field-textual elementor-field  elementor-size-sm\" name=\"form_fields[field_5d08d9b]\" id=\"form-field-field_5d08d9b\" rows=\"4\" placeholder=\"Mensaje\" required=\"required\"><\/textarea>\t\t\t\t<\/div>\n\t\t\t\t\t\t\t\t<div class=\"elementor-field-type-checkbox elementor-field-group elementor-column elementor-field-group-field_5de6374 elementor-col-100\">\n\t\t\t\t\t\t\t\t\t\t\t\t<label for=\"form-field-field_5de6374\" class=\"elementor-field-label elementor-screen-only\">\n\t\t\t\t\t\t\t\tHe Le\u00eddo \t\t\t\t\t\t\t<\/label>\n\t\t\t\t\t\t<div class=\"elementor-field-subgroup  \"><span class=\"elementor-field-option\"><input type=\"checkbox\" value=\"He le\u00eddo y acepto la Politica de Privacidad\" id=\"form-field-field_5de6374-0\" name=\"form_fields[field_5de6374]\"> <label for=\"form-field-field_5de6374-0\">He le\u00eddo y acepto la Politica de Privacidad<\/label><\/span><\/div>\t\t\t\t<\/div>\n\t\t\t\t\t\t\t\t<div class=\"elementor-field-type-html elementor-field-group elementor-column elementor-field-group-field_3c2297f elementor-col-100\">\n\t\t\t\t\t<a href=\"\/politicas-de-cookies\"\n   onclick=\"window.open(this.href,'privacidad','width=800,height=600'); return false;\"\n   style=\"text-decoration: none;\">\nVer Pol\u00edtica de Privacidad\n<\/a>\t\t\t\t<\/div>\n\t\t\t\t\t\t\t\t<div class=\"elementor-field-type-recaptcha_v3 elementor-field-group elementor-column elementor-field-group-field_9e00c78 elementor-col-100 recaptcha_v3-bottomright\">\n\t\t\t\t\t<div class=\"elementor-field\" id=\"form-field-field_9e00c78\"><div class=\"elementor-g-recaptcha\" data-sitekey=\"6LfopZcsAAAAAOrnU8h-2jmHWoApxUnE1KIz9PNA\" data-type=\"v3\" data-action=\"Form\" data-badge=\"bottomright\" data-size=\"invisible\"><\/div><\/div>\t\t\t\t<\/div>\n\t\t\t\t\t\t\t\t<div class=\"elementor-field-group elementor-column elementor-field-type-submit elementor-col-50 e-form__buttons\">\n\t\t\t\t\t<button class=\"elementor-button elementor-size-sm\" type=\"submit\">\n\t\t\t\t\t\t<span class=\"elementor-button-content-wrapper\">\n\t\t\t\t\t\t\t\t\t\t\t\t\t\t\t<span class=\"elementor-button-icon\">\n\t\t\t\t\t\t\t\t\t<svg aria-hidden=\"true\" class=\"e-font-icon-svg e-fas-rocket\" viewBox=\"0 0 512 512\" xmlns=\"http:\/\/www.w3.org\/2000\/svg\"><path d=\"M505.12019,19.09375c-1.18945-5.53125-6.65819-11-12.207-12.1875C460.716,0,435.507,0,410.40747,0,307.17523,0,245.26909,55.20312,199.05238,128H94.83772c-16.34763.01562-35.55658,11.875-42.88664,26.48438L2.51562,253.29688A28.4,28.4,0,0,0,0,264a24.00867,24.00867,0,0,0,24.00582,24H127.81618l-22.47457,22.46875c-11.36521,11.36133-12.99607,32.25781,0,45.25L156.24582,406.625c11.15623,11.1875,32.15619,13.15625,45.27726,0l22.47457-22.46875V488a24.00867,24.00867,0,0,0,24.00581,24,28.55934,28.55934,0,0,0,10.707-2.51562l98.72834-49.39063c14.62888-7.29687,26.50776-26.5,26.50776-42.85937V312.79688c72.59753-46.3125,128.03493-108.40626,128.03493-211.09376C512.07526,76.5,512.07526,51.29688,505.12019,19.09375ZM384.04033,168A40,40,0,1,1,424.05,128,40.02322,40.02322,0,0,1,384.04033,168Z\"><\/path><\/svg>\t\t\t\t\t\t\t\t\t\t\t\t\t\t\t\t\t<\/span>\n\t\t\t\t\t\t\t\t\t\t\t\t\t\t\t\t\t\t\t\t\t\t<span class=\"elementor-button-text\">Hablemos ahora<\/span>\n\t\t\t\t\t\t\t\t\t\t\t\t\t<\/span>\n\t\t\t\t\t<\/button>\n\t\t\t\t<\/div>\n\t\t\t<\/div>\n\t\t<\/form>\n\t\t\t\t\t\t<\/div>\n\t\t\t\t<\/div>\n\t\t<div class=\"elementor-element elementor-element-7dbe4dc e-con-full animated-slow e-flex elementor-invisible e-con e-child\" data-id=\"7dbe4dc\" data-element_type=\"container\" data-e-type=\"container\" data-settings=\"{&quot;background_background&quot;:&quot;classic&quot;,&quot;animation&quot;:&quot;fadeInLeft&quot;}\">\n\t\t\t\t<div class=\"elementor-element elementor-element-85e7eb2 elementor-widget__width-inherit elementor-widget elementor-widget-heading\" data-id=\"85e7eb2\" data-element_type=\"widget\" data-e-type=\"widget\" data-widget_type=\"heading.default\">\n\t\t\t\t\t<h2 class=\"elementor-heading-title elementor-size-default\">Informaci\u00f3n General<\/h2>\t\t\t\t<\/div>\n\t\t\t\t<div class=\"elementor-element elementor-element-ee6fc01 elementor-widget__width-inherit elementor-widget elementor-widget-heading\" data-id=\"ee6fc01\" data-element_type=\"widget\" data-e-type=\"widget\" data-widget_type=\"heading.default\">\n\t\t\t\t\t<h2 class=\"elementor-heading-title elementor-size-default\">Tel\u00e9fono<\/h2>\t\t\t\t<\/div>\n\t\t\t\t<div class=\"elementor-element elementor-element-a1b3fa5 elementor-widget elementor-widget-heading\" data-id=\"a1b3fa5\" data-element_type=\"widget\" data-e-type=\"widget\" data-widget_type=\"heading.default\">\n\t\t\t\t\t<h2 class=\"elementor-heading-title elementor-size-default\"><a href=\"tel:%20+34%20685%20770%20347\">+34 685 770 347<\/a><\/h2>\t\t\t\t<\/div>\n\t\t\t\t<div class=\"elementor-element elementor-element-e5e2061 elementor-widget-divider--view-line elementor-widget elementor-widget-divider\" data-id=\"e5e2061\" data-element_type=\"widget\" data-e-type=\"widget\" data-widget_type=\"divider.default\">\n\t\t\t\t\t\t\t<div class=\"elementor-divider\">\n\t\t\t<span class=\"elementor-divider-separator\">\n\t\t\t\t\t\t<\/span>\n\t\t<\/div>\n\t\t\t\t\t\t<\/div>\n\t\t\t\t<div class=\"elementor-element elementor-element-e977df2 elementor-widget__width-inherit elementor-widget elementor-widget-heading\" data-id=\"e977df2\" data-element_type=\"widget\" data-e-type=\"widget\" data-widget_type=\"heading.default\">\n\t\t\t\t\t<h2 class=\"elementor-heading-title elementor-size-default\">Email<\/h2>\t\t\t\t<\/div>\n\t\t\t\t<div class=\"elementor-element elementor-element-a962233 elementor-widget elementor-widget-heading\" data-id=\"a962233\" data-element_type=\"widget\" data-e-type=\"widget\" data-widget_type=\"heading.default\">\n\t\t\t\t\t<h2 class=\"elementor-heading-title elementor-size-default\"><a href=\"mailto:alvaro.fdezserrano92@gmail.com\">alvaro.fdezserrano92@gmail.com<\/a><\/h2>\t\t\t\t<\/div>\n\t\t\t\t<div class=\"elementor-element elementor-element-f74a7d6 elementor-widget-divider--view-line elementor-widget elementor-widget-divider\" data-id=\"f74a7d6\" data-element_type=\"widget\" data-e-type=\"widget\" data-widget_type=\"divider.default\">\n\t\t\t\t\t\t\t<div class=\"elementor-divider\">\n\t\t\t<span class=\"elementor-divider-separator\">\n\t\t\t\t\t\t<\/span>\n\t\t<\/div>\n\t\t\t\t\t\t<\/div>\n\t\t\t\t<div class=\"elementor-element elementor-element-2839fa2 elementor-widget__width-inherit elementor-widget elementor-widget-heading\" data-id=\"2839fa2\" data-element_type=\"widget\" data-e-type=\"widget\" data-widget_type=\"heading.default\">\n\t\t\t\t\t<h2 class=\"elementor-heading-title elementor-size-default\">Direcci\u00f3n<\/h2>\t\t\t\t<\/div>\n\t\t\t\t<div class=\"elementor-element elementor-element-b6b834f elementor-widget elementor-widget-heading\" data-id=\"b6b834f\" data-element_type=\"widget\" data-e-type=\"widget\" data-widget_type=\"heading.default\">\n\t\t\t\t\t<h2 class=\"elementor-heading-title elementor-size-default\"> Calle plaza, Arambarri M\u00fasico Kalea, 1, 48004 Bilbao, Bizkaia<\/h2>\t\t\t\t<\/div>\n\t\t\t\t<div class=\"elementor-element elementor-element-119c51a elementor-widget-divider--view-line elementor-widget elementor-widget-divider\" data-id=\"119c51a\" data-element_type=\"widget\" data-e-type=\"widget\" data-widget_type=\"divider.default\">\n\t\t\t\t\t\t\t<div class=\"elementor-divider\">\n\t\t\t<span class=\"elementor-divider-separator\">\n\t\t\t\t\t\t<\/span>\n\t\t<\/div>\n\t\t\t\t\t\t<\/div>\n\t\t\t\t<div class=\"elementor-element elementor-element-c0e093f elementor-widget__width-inherit elementor-widget elementor-widget-heading\" data-id=\"c0e093f\" data-element_type=\"widget\" data-e-type=\"widget\" data-widget_type=\"heading.default\">\n\t\t\t\t\t<h2 class=\"elementor-heading-title elementor-size-default\">Horario<\/h2>\t\t\t\t<\/div>\n\t\t\t\t<div class=\"elementor-element elementor-element-8ce6964 elementor-widget elementor-widget-heading\" data-id=\"8ce6964\" data-element_type=\"widget\" data-e-type=\"widget\" data-widget_type=\"heading.default\">\n\t\t\t\t\t<h2 class=\"elementor-heading-title elementor-size-default\">11:30 14:30 \/ 17:30 21:00<\/h2>\t\t\t\t<\/div>\n\t\t\t\t<\/div>\n\t\t\t\t\t<\/div>\n\t\t\t\t<\/div>\n\t\t<div class=\"elementor-element elementor-element-10f7a09 e-flex e-con-boxed e-con e-parent\" data-id=\"10f7a09\" data-element_type=\"container\" data-e-type=\"container\">\n\t\t\t\t\t<div class=\"e-con-inner\">\n\t\t\t\t<div class=\"elementor-element elementor-element-9b8e2a1 elementor-widget elementor-widget-google_maps\" data-id=\"9b8e2a1\" data-element_type=\"widget\" data-e-type=\"widget\" data-widget_type=\"google_maps.default\">\n\t\t\t\t\t\t\t<div class=\"elementor-custom-embed\">\n\t\t\t<iframe loading=\"lazy\"\n\t\t\t\t\tsrc=\"https:\/\/maps.google.com\/maps?q=The%20Candy%20Shop%2C%20Calle%20plaza%2C%20Arambarri%20M%C3%BAsico%20Kalea%2C%201%2C%2048004%20Bilbao%2C%20Biscay&#038;t=m&#038;z=12&#038;output=embed&#038;iwloc=near\"\n\t\t\t\t\ttitle=\"The Candy Shop, Calle plaza, Arambarri M\u00fasico Kalea, 1, 48004 Bilbao, Biscay\"\n\t\t\t\t\taria-label=\"The Candy Shop, Calle plaza, Arambarri M\u00fasico Kalea, 1, 48004 Bilbao, Biscay\"\n\t\t\t><\/iframe>\n\t\t<\/div>\n\t\t\t\t\t\t<\/div>\n\t\t\t\t\t<\/div>\n\t\t\t\t<\/div>\n\t\t\t\t<\/div>\n\t\t","protected":false},"excerpt":{"rendered":"<p>Contacto Completa el formulario y te contactaremos muy pronto. Informaci\u00f3n General Tel\u00e9fono +34 685 770 347 Email alvaro.fdezserrano92@gmail.com Direcci\u00f3n Calle plaza, Arambarri M\u00fasico Kalea, 1, 48004 Bilbao, Bizkaia Horario 11:30 14:30 \/ 17:30 21:00<\/p>","protected":false},"author":1,"featured_media":0,"parent":0,"menu_order":0,"comment_status":"closed","ping_status":"closed","template":"elementor_canvas","meta":{"footnotes":""},"class_list":["post-15","page","type-page","status-publish","hentry"],"yoast_head":"<!-- This site is optimized with the Yoast SEO plugin v27.4 - https:\/\/yoast.com\/product\/yoast-seo-wordpress\/ -->\n<title>Contacto - The Candy Shop<\/title>\n<meta name=\"robots\" content=\"index, follow, max-snippet:-1, max-image-preview:large, max-video-preview:-1\" \/>\n<link rel=\"canonical\" href=\"https:\/\/thecandyshopp.com\/eu\/contacto\/\" \/>\n<meta property=\"og:locale\" content=\"en_US\" \/>\n<meta property=\"og:type\" content=\"article\" \/>\n<meta property=\"og:title\" content=\"Contacto - The Candy Shop\" \/>\n<meta property=\"og:description\" content=\"Contacto Completa el formulario y te contactaremos muy pronto. Informaci\u00f3n General Tel\u00e9fono +34 685 770 347 Email alvaro.fdezserrano92@gmail.com Direcci\u00f3n Calle plaza, Arambarri M\u00fasico Kalea, 1, 48004 Bilbao, Bizkaia Horario 11:30 14:30 \/ 17:30 21:00\" \/>\n<meta property=\"og:url\" content=\"https:\/\/thecandyshopp.com\/eu\/contacto\/\" \/>\n<meta property=\"og:site_name\" content=\"The Candy Shop\" \/>\n<meta property=\"article:modified_time\" content=\"2026-03-26T13:26:07+00:00\" \/>\n<meta name=\"twitter:card\" content=\"summary_large_image\" \/>\n<meta name=\"twitter:label1\" content=\"Est. reading time\" \/>\n\t<meta name=\"twitter:data1\" content=\"1 minutua\" \/>\n<script type=\"application\/ld+json\" class=\"yoast-schema-graph\">{\"@context\":\"https:\\\/\\\/schema.org\",\"@graph\":[{\"@type\":\"WebPage\",\"@id\":\"https:\\\/\\\/thecandyshopp.com\\\/contacto\\\/\",\"url\":\"https:\\\/\\\/thecandyshopp.com\\\/contacto\\\/\",\"name\":\"Contacto - The Candy Shop\",\"isPartOf\":{\"@id\":\"https:\\\/\\\/thecandyshopp.com\\\/#website\"},\"datePublished\":\"2026-03-25T14:00:49+00:00\",\"dateModified\":\"2026-03-26T13:26:07+00:00\",\"breadcrumb\":{\"@id\":\"https:\\\/\\\/thecandyshopp.com\\\/contacto\\\/#breadcrumb\"},\"inLanguage\":\"eu\",\"potentialAction\":[{\"@type\":\"ReadAction\",\"target\":[\"https:\\\/\\\/thecandyshopp.com\\\/contacto\\\/\"]}]},{\"@type\":\"BreadcrumbList\",\"@id\":\"https:\\\/\\\/thecandyshopp.com\\\/contacto\\\/#breadcrumb\",\"itemListElement\":[{\"@type\":\"ListItem\",\"position\":1,\"name\":\"Portada\",\"item\":\"https:\\\/\\\/thecandyshopp.com\\\/\"},{\"@type\":\"ListItem\",\"position\":2,\"name\":\"Contacto\"}]},{\"@type\":\"WebSite\",\"@id\":\"https:\\\/\\\/thecandyshopp.com\\\/#website\",\"url\":\"https:\\\/\\\/thecandyshopp.com\\\/\",\"name\":\"The Candy Shop\",\"description\":\"\",\"publisher\":{\"@id\":\"https:\\\/\\\/thecandyshopp.com\\\/#organization\"},\"potentialAction\":[{\"@type\":\"SearchAction\",\"target\":{\"@type\":\"EntryPoint\",\"urlTemplate\":\"https:\\\/\\\/thecandyshopp.com\\\/?s={search_term_string}\"},\"query-input\":{\"@type\":\"PropertyValueSpecification\",\"valueRequired\":true,\"valueName\":\"search_term_string\"}}],\"inLanguage\":\"eu\"},{\"@type\":\"Organization\",\"@id\":\"https:\\\/\\\/thecandyshopp.com\\\/#organization\",\"name\":\"The Candy Shop\",\"url\":\"https:\\\/\\\/thecandyshopp.com\\\/\",\"logo\":{\"@type\":\"ImageObject\",\"inLanguage\":\"eu\",\"@id\":\"https:\\\/\\\/thecandyshopp.com\\\/#\\\/schema\\\/logo\\\/image\\\/\",\"url\":\"https:\\\/\\\/thecandyshopp.com\\\/wp-content\\\/uploads\\\/2026\\\/03\\\/7d98effd-8a5d-437d-a5bc-e76aeaf64d69.png\",\"contentUrl\":\"https:\\\/\\\/thecandyshopp.com\\\/wp-content\\\/uploads\\\/2026\\\/03\\\/7d98effd-8a5d-437d-a5bc-e76aeaf64d69.png\",\"width\":537,\"height\":408,\"caption\":\"The Candy Shop\"},\"image\":{\"@id\":\"https:\\\/\\\/thecandyshopp.com\\\/#\\\/schema\\\/logo\\\/image\\\/\"}}]}<\/script>\n<!-- \/ Yoast SEO plugin. -->","yoast_head_json":{"title":"Contacto - The Candy Shop","robots":{"index":"index","follow":"follow","max-snippet":"max-snippet:-1","max-image-preview":"max-image-preview:large","max-video-preview":"max-video-preview:-1"},"canonical":"https:\/\/thecandyshopp.com\/eu\/contacto\/","og_locale":"en_US","og_type":"article","og_title":"Contacto - The Candy Shop","og_description":"Contacto Completa el formulario y te contactaremos muy pronto. Informaci\u00f3n General Tel\u00e9fono +34 685 770 347 Email alvaro.fdezserrano92@gmail.com Direcci\u00f3n Calle plaza, Arambarri M\u00fasico Kalea, 1, 48004 Bilbao, Bizkaia Horario 11:30 14:30 \/ 17:30 21:00","og_url":"https:\/\/thecandyshopp.com\/eu\/contacto\/","og_site_name":"The Candy Shop","article_modified_time":"2026-03-26T13:26:07+00:00","twitter_card":"summary_large_image","twitter_misc":{"Est. reading time":"1 minutua"},"schema":{"@context":"https:\/\/schema.org","@graph":[{"@type":"WebPage","@id":"https:\/\/thecandyshopp.com\/contacto\/","url":"https:\/\/thecandyshopp.com\/contacto\/","name":"Contacto - The Candy Shop","isPartOf":{"@id":"https:\/\/thecandyshopp.com\/#website"},"datePublished":"2026-03-25T14:00:49+00:00","dateModified":"2026-03-26T13:26:07+00:00","breadcrumb":{"@id":"https:\/\/thecandyshopp.com\/contacto\/#breadcrumb"},"inLanguage":"eu","potentialAction":[{"@type":"ReadAction","target":["https:\/\/thecandyshopp.com\/contacto\/"]}]},{"@type":"BreadcrumbList","@id":"https:\/\/thecandyshopp.com\/contacto\/#breadcrumb","itemListElement":[{"@type":"ListItem","position":1,"name":"Portada","item":"https:\/\/thecandyshopp.com\/"},{"@type":"ListItem","position":2,"name":"Contacto"}]},{"@type":"WebSite","@id":"https:\/\/thecandyshopp.com\/#website","url":"https:\/\/thecandyshopp.com\/","name":"The Candy Shop","description":"","publisher":{"@id":"https:\/\/thecandyshopp.com\/#organization"},"potentialAction":[{"@type":"SearchAction","target":{"@type":"EntryPoint","urlTemplate":"https:\/\/thecandyshopp.com\/?s={search_term_string}"},"query-input":{"@type":"PropertyValueSpecification","valueRequired":true,"valueName":"search_term_string"}}],"inLanguage":"eu"},{"@type":"Organization","@id":"https:\/\/thecandyshopp.com\/#organization","name":"The Candy Shop","url":"https:\/\/thecandyshopp.com\/","logo":{"@type":"ImageObject","inLanguage":"eu","@id":"https:\/\/thecandyshopp.com\/#\/schema\/logo\/image\/","url":"https:\/\/thecandyshopp.com\/wp-content\/uploads\/2026\/03\/7d98effd-8a5d-437d-a5bc-e76aeaf64d69.png","contentUrl":"https:\/\/thecandyshopp.com\/wp-content\/uploads\/2026\/03\/7d98effd-8a5d-437d-a5bc-e76aeaf64d69.png","width":537,"height":408,"caption":"The Candy Shop"},"image":{"@id":"https:\/\/thecandyshopp.com\/#\/schema\/logo\/image\/"}}]}},"_links":{"self":[{"href":"https:\/\/thecandyshopp.com\/eu\/wp-json\/wp\/v2\/pages\/15","targetHints":{"allow":["GET"]}}],"collection":[{"href":"https:\/\/thecandyshopp.com\/eu\/wp-json\/wp\/v2\/pages"}],"about":[{"href":"https:\/\/thecandyshopp.com\/eu\/wp-json\/wp\/v2\/types\/page"}],"author":[{"embeddable":true,"href":"https:\/\/thecandyshopp.com\/eu\/wp-json\/wp\/v2\/users\/1"}],"replies":[{"embeddable":true,"href":"https:\/\/thecandyshopp.com\/eu\/wp-json\/wp\/v2\/comments?post=15"}],"version-history":[{"count":49,"href":"https:\/\/thecandyshopp.com\/eu\/wp-json\/wp\/v2\/pages\/15\/revisions"}],"predecessor-version":[{"id":430,"href":"https:\/\/thecandyshopp.com\/eu\/wp-json\/wp\/v2\/pages\/15\/revisions\/430"}],"wp:attachment":[{"href":"https:\/\/thecandyshopp.com\/eu\/wp-json\/wp\/v2\/media?parent=15"}],"curies":[{"name":"wp","href":"https:\/\/api.w.org\/{rel}","templated":true}]}}